{"id":7852,"date":"2020-10-20T00:17:32","date_gmt":"2020-10-19T22:17:32","guid":{"rendered":"https:\/\/processi.eu\/resitve\/produkti\/"},"modified":"2021-03-01T11:46:56","modified_gmt":"2021-03-01T10:46:56","slug":"produkti","status":"publish","type":"page","link":"https:\/\/processi.eu\/sl\/resitve\/produkti\/","title":{"rendered":"Produkti"},"content":{"rendered":"\t\t<div data-elementor-type=\"wp-page\" data-elementor-id=\"7852\" class=\"elementor elementor-7852 elementor-7442\" data-elementor-settings=\"[]\">\n\t\t\t\t\t\t<div class=\"elementor-inner\">\n\t\t\t\t\t\t\t<div class=\"elementor-section-wrap\">\n\t\t\t\t\t\t\t<section class=\"elementor-section elementor-top-section elementor-element elementor-element-d7f31d2 elementor-section-boxed elementor-section-height-default elementor-section-height-default\" data-id=\"d7f31d2\" data-element_type=\"section\" data-settings=\"{&quot;_ha_eqh_enable&quot;:false}\">\n\t\t\t\t\t\t<div class=\"elementor-container elementor-column-gap-default\">\n\t\t\t\t\t\t\t<div class=\"elementor-row\">\n\t\t\t\t\t<div class=\"elementor-column elementor-col-100 elementor-top-column elementor-element elementor-element-fbd6d37\" data-id=\"fbd6d37\" data-element_type=\"column\">\n\t\t\t<div class=\"elementor-column-wrap elementor-element-populated\">\n\t\t\t\t\t\t\t<div class=\"elementor-widget-wrap\">\n\t\t\t\t\t\t<div class=\"elementor-element elementor-element-b8eb8a8 elementor-widget elementor-widget-vc_custom_heading\" data-id=\"b8eb8a8\" data-element_type=\"widget\" data-widget_type=\"vc_custom_heading.default\">\n\t\t\t\t<div class=\"elementor-widget-container\">\n\t\t\t<div class=\" vc_custom_heading text-uppercase consulting_heading_font  text_align_center has_subtitle\" ><div style=\"text-align: center;font-weight:700\" class=\"consulting-custom-title\"><span class=\"subtitle\" style=\"color:#ED2136\">Na\u0161i po meri razviti SAP dodatki<\/span><\/div><\/div>\t\t<\/div>\n\t\t\t\t<\/div>\n\t\t\t\t<div class=\"elementor-element elementor-element-1c536af elementor-widget elementor-widget-vc_custom_heading\" data-id=\"1c536af\" data-element_type=\"widget\" data-widget_type=\"vc_custom_heading.default\">\n\t\t\t\t<div class=\"elementor-widget-container\">\n\t\t\t<div class=\" vc_custom_heading  consulting_heading_font  text_align_center title_no_stripe\" ><h2 style=\"text-align: center;font-weight:700\" class=\"consulting-custom-title\">Pozorno raz\u0161irjena SAP standardna funkcionalnost\n<\/h2><\/div>\t\t<\/div>\n\t\t\t\t<\/div>\n\t\t\t\t<div class=\"elementor-element elementor-element-a88d32c elementor-widget elementor-widget-stm_spacing\" data-id=\"a88d32c\" data-element_type=\"widget\" data-widget_type=\"stm_spacing.default\">\n\t\t\t\t<div class=\"elementor-widget-container\">\n\t\t\t<div class=\"stm-spacing\" id=\"stm-spacing-69e9175e0519b\"><\/div>\n<script>\n    (function($){\n        \"use strict\";\n        var spacingID = 'stm-spacing-69e9175e0519b',\n            lgSpacing = '40',\n            mdSpacing = '40',\n            smSpacing = '40',\n            xsSpacing = '40';\n\n        function stmSpacing() {\n            if ( window.matchMedia(\"(min-width: 1200px)\").matches && lgSpacing ) {\n                $( '#' + spacingID ).css ( \"height\", lgSpacing );\n            } else if ( window.matchMedia(\"(max-width: 1199px) and (min-width: 992px )\").matches && mdSpacing ) {\n                $( '#' + spacingID ).css ( \"height\", mdSpacing );\n            } else if ( window.matchMedia(\"(max-width: 991px) and (min-width: 768px )\").matches && smSpacing ) {\n                $( '#' + spacingID ).css ( \"height\", smSpacing );\n            } else if ( window.matchMedia(\"(max-width: 767px)\").matches && xsSpacing ) {\n                $( '#' + spacingID ).css ( \"height\", xsSpacing );\n            } else {\n                $( '#' + spacingID ).css ( \"height\", \"\" );\n            }\n        }\n\n        $(document).ready(function() {\n            stmSpacing();\n        });\n\n        $(window).resize(function() {\n            stmSpacing();\n        });\n\n    })(jQuery);\n<\/script>\t\t<\/div>\n\t\t\t\t<\/div>\n\t\t\t\t\t\t<\/div>\n\t\t\t\t\t<\/div>\n\t\t<\/div>\n\t\t\t\t\t\t\t\t<\/div>\n\t\t\t\t\t<\/div>\n\t\t<\/section>\n\t\t\t\t<section class=\"elementor-section elementor-top-section elementor-element elementor-element-2cec43b elementor-section-boxed elementor-section-height-default elementor-section-height-default\" data-id=\"2cec43b\" data-element_type=\"section\" data-settings=\"{&quot;background_background&quot;:&quot;classic&quot;,&quot;_ha_eqh_enable&quot;:false}\">\n\t\t\t\t\t\t<div class=\"elementor-container elementor-column-gap-default\">\n\t\t\t\t\t\t\t<div class=\"elementor-row\">\n\t\t\t\t\t<div class=\"elementor-column elementor-col-100 elementor-top-column elementor-element elementor-element-2cece0a\" data-id=\"2cece0a\" data-element_type=\"column\">\n\t\t\t<div class=\"elementor-column-wrap elementor-element-populated\">\n\t\t\t\t\t\t\t<div class=\"elementor-widget-wrap\">\n\t\t\t\t\t\t<div class=\"elementor-element elementor-element-2ced60f elementor-widget elementor-widget-stm_services\" data-id=\"2ced60f\" data-element_type=\"widget\" data-widget_type=\"stm_services.default\">\n\t\t\t\t<div class=\"elementor-widget-container\">\n\t\t\t\n    <div class=\"stm_services consulting_elementor_services style_6 cols_2\">\n                                <div class=\"item\">\n                <div class=\"item_wr\">\n                                            \n                        <div class=\"item_thumbnail\">\n                            <a href=\"https:\/\/processi.eu\/sl\/resitev\/processi-neuron\/\">\n                                <img src='https:\/\/processi.eu\/wp-content\/uploads\/2016\/01\/neuron_home-255x182.png' alt='' \/>                            <\/a>\n                                                    <\/div>\n                                                            <div class=\"content\" >\n                                                                            <h5>\n                                <a href=\"https:\/\/processi.eu\/sl\/resitev\/processi-neuron\/\"\n                                                                       class=\"text_decoration_none secondary_font_color_hv\">PROCESSI NEURON<\/a>\n                            <\/h5>\n                                                                            <p>SAP ERP proizvodni proces smo raz\u0161irili, integrirali in avtomatizirali z novimi funkcionalnostmi.<\/p>\n                                                                            <a class=\"read_more\"\n                               href=\"https:\/\/processi.eu\/sl\/resitev\/processi-neuron\/\" >\n                                <span>read more<\/span>\n                                <i class=\" fa fa-chevron-right stm_icon\"><\/i>\n                            <\/a>\n                                            <\/div>\n                <\/div>\n            <\/div>\n            <\/div>\n\t\t<\/div>\n\t\t\t\t<\/div>\n\t\t\t\t\t\t<\/div>\n\t\t\t\t\t<\/div>\n\t\t<\/div>\n\t\t\t\t<div class=\"elementor-column elementor-col-25 elementor-top-column elementor-element elementor-element-2ced714 elementor-hidden-tablet elementor-hidden-phone\" data-id=\"2ced714\" data-element_type=\"column\">\n\t\t\t<div class=\"elementor-column-wrap elementor-element-populated\">\n\t\t\t\t\t\t\t<div class=\"elementor-widget-wrap\">\n\t\t\t\t\t\t<div class=\"elementor-element elementor-element-2cedc32 elementor-widget elementor-widget-stm_sidebar\" data-id=\"2cedc32\" data-element_type=\"widget\" data-widget_type=\"stm_sidebar.default\">\n\t\t\t\t<div class=\"elementor-widget-container\">\n\t\t\t\n<div class=\"stm_sidebar consulting_elementor_sidebar\">\n\n            \t\t<div data-elementor-type=\"wp-post\" data-elementor-id=\"8334\" class=\"elementor elementor-8334 elementor-573\" data-elementor-settings=\"[]\">\n\t\t\t\t\t\t<div class=\"elementor-inner\">\n\t\t\t\t\t\t\t<div class=\"elementor-section-wrap\">\n\t\t\t\t\t\t\t<section class=\"elementor-section elementor-top-section elementor-element elementor-element-10eae31 base_bg_color elementor-section-boxed elementor-section-height-default elementor-section-height-default\" data-id=\"10eae31\" data-element_type=\"section\" data-settings=\"{&quot;_ha_eqh_enable&quot;:false}\">\n\t\t\t\t\t\t<div class=\"elementor-container elementor-column-gap-default\">\n\t\t\t\t\t\t\t<div class=\"elementor-row\">\n\t\t\t\t\t<div class=\"elementor-column elementor-col-100 elementor-top-column elementor-element elementor-element-10eb4a8\" data-id=\"10eb4a8\" data-element_type=\"column\">\n\t\t\t<div class=\"elementor-column-wrap elementor-element-populated\">\n\t\t\t\t\t\t\t<div class=\"elementor-widget-wrap\">\n\t\t\t\t\t\t<div class=\"elementor-element elementor-element-10eb97e elementor-widget elementor-widget-vc_custom_heading\" data-id=\"10eb97e\" data-element_type=\"widget\" data-widget_type=\"vc_custom_heading.default\">\n\t\t\t\t<div class=\"elementor-widget-container\">\n\t\t\t<div class=\" vc_custom_heading  consulting_heading_font  text_align_left\" ><div style=\"font-size: 16px;color: #ffffff;text-align: left;font-weight:700\" class=\"consulting-custom-title\">Vas zanima kak\u0161na od na\u0161ih re\u0161itev?\n<\/div><\/div>\t\t<\/div>\n\t\t\t\t<\/div>\n\t\t\t\t<div class=\"elementor-element elementor-element-10ebfde elementor-widget elementor-widget-text-editor\" data-id=\"10ebfde\" data-element_type=\"widget\" data-widget_type=\"text-editor.default\">\n\t\t\t\t<div class=\"elementor-widget-container\">\n\t\t\t\t\t<div class=\"elementor-text-editor elementor-clearfix\"><p><span style=\"font-size: 13px; line-height: 22px; color: #ffffff;\">Uporabite kontaktno formo ali nas preprosto pokli\u010dite. Podali vam bomo vse potrebne informacije in ve\u010d.<\/span><\/p>\n<\/div>\n\t\t\t\t<\/div>\n\t\t\t\t<\/div>\n\t\t\t\t<div class=\"elementor-element elementor-element-10ec35c elementor-widget__width-auto elementor-widget elementor-widget-button\" data-id=\"10ec35c\" data-element_type=\"widget\" data-widget_type=\"button.default\">\n\t\t\t\t<div class=\"elementor-widget-container\">\n\t\t\t\t\t<div class=\"elementor-button-wrapper icon_align_left  \">\n\t\t\t<a href=\"https:\/\/processi.eu\/contact\/\" class=\"elementor-button-link elementor-button elementor-size-sm\" role=\"button\">\n\t\t\t\t\t\t<span class=\"elementor-button-content-wrapper\">\n\t\t\t\t\t\t<span class=\"elementor-button-icon elementor-align-icon-left\">\n\t\t\t\t<i aria-hidden=\"true\" class=\"far fa-address-card\"><\/i>\t\t\t<\/span>\n\t\t\t\t\t\t<span class=\"elementor-button-text\">KONTAKTI<\/span>\n\t\t<\/span>\n\t\t\t\t\t<\/a>\n\t\t<\/div>\n\t\t\t\t<\/div>\n\t\t\t\t<\/div>\n\t\t\t\t\t\t<\/div>\n\t\t\t\t\t<\/div>\n\t\t<\/div>\n\t\t\t\t\t\t\t\t<\/div>\n\t\t\t\t\t<\/div>\n\t\t<\/section>\n\t\t\t\t<section class=\"elementor-section elementor-top-section elementor-element elementor-element-10ee2ad elementor-section-boxed elementor-section-height-default elementor-section-height-default\" data-id=\"10ee2ad\" data-element_type=\"section\" data-settings=\"{&quot;background_background&quot;:&quot;classic&quot;,&quot;_ha_eqh_enable&quot;:false}\">\n\t\t\t\t\t\t<div class=\"elementor-container elementor-column-gap-default\">\n\t\t\t\t\t\t\t<div class=\"elementor-row\">\n\t\t\t\t\t<div class=\"elementor-column elementor-col-100 elementor-top-column elementor-element elementor-element-10eea3d\" data-id=\"10eea3d\" data-element_type=\"column\">\n\t\t\t<div class=\"elementor-column-wrap elementor-element-populated\">\n\t\t\t\t\t\t\t<div class=\"elementor-widget-wrap\">\n\t\t\t\t\t\t<div class=\"elementor-element elementor-element-3becf01 .widget_title elementor-widget elementor-widget-heading\" data-id=\"3becf01\" data-element_type=\"widget\" data-widget_type=\"heading.default\">\n\t\t\t\t<div class=\"elementor-widget-container\">\n\t\t\t<h5 class=\"elementor-heading-title elementor-size-default\">Izpostavljene re\u0161itve<\/h5>\t\t<\/div>\n\t\t\t\t<\/div>\n\t\t\t\t<div class=\"elementor-element elementor-element-6788270 elementor-icon-list--layout-traditional elementor-list-item-link-full_width elementor-widget elementor-widget-icon-list\" data-id=\"6788270\" data-element_type=\"widget\" data-widget_type=\"icon-list.default\">\n\t\t\t\t<div class=\"elementor-widget-container\">\n\t\t\t\t\t<ul class=\"elementor-icon-list-items\">\n\t\t\t\t\t\t\t<li class=\"elementor-icon-list-item\">\n\t\t\t\t\t<a href=\"https:\/\/processi.eu\/solution\/myway-intelligent-erp-sap-s4hana\/\">\t\t\t\t\t<span class=\"elementor-icon-list-text\">MyWay inteligentni ERP SAP S\/4HANA<\/span>\n\t\t\t\t\t\t\t\t\t\t\t<\/a>\n\t\t\t\t\t\t\t\t\t<\/li>\n\t\t\t\t\t\t\t\t<li class=\"elementor-icon-list-item\">\n\t\t\t\t\t<a href=\"https:\/\/processi.eu\/solution\/myway2s4hana-transformation\/\">\t\t\t\t\t<span class=\"elementor-icon-list-text\">MyWay2S\/4HANA transformacija<\/span>\n\t\t\t\t\t\t\t\t\t\t\t<\/a>\n\t\t\t\t\t\t\t\t\t<\/li>\n\t\t\t\t\t\t\t\t<li class=\"elementor-icon-list-item\">\n\t\t\t\t\t<a href=\"https:\/\/processi.eu\/solution\/sap-integrated-business-planning\/\">\t\t\t\t\t<span class=\"elementor-icon-list-text\">SAP Integrated Business Planning for Supply Chain<\/span>\n\t\t\t\t\t\t\t\t\t\t\t<\/a>\n\t\t\t\t\t\t\t\t\t<\/li>\n\t\t\t\t\t\t\t\t<li class=\"elementor-icon-list-item\">\n\t\t\t\t\t<a href=\"https:\/\/processi.eu\/solution\/mywaybi-on-sap-analytics-cloud\/\">\t\t\t\t\t<span class=\"elementor-icon-list-text\">MyWayBI na SAP Analytics Cloud-u<\/span>\n\t\t\t\t\t\t\t\t\t\t\t<\/a>\n\t\t\t\t\t\t\t\t\t<\/li>\n\t\t\t\t\t\t<\/ul>\n\t\t\t\t<\/div>\n\t\t\t\t<\/div>\n\t\t\t\t\t\t<\/div>\n\t\t\t\t\t<\/div>\n\t\t<\/div>\n\t\t\t\t\t\t\t\t<\/div>\n\t\t\t\t\t<\/div>\n\t\t<\/section>\n\t\t\t\t\t\t<\/div>\n\t\t\t\t\t\t<\/div>\n\t\t\t\t\t<\/div>\n\t\t    \n<\/div>\t\t<\/div>\n\t\t\t\t<\/div>\n\t\t\t\t\t\t<\/div>\n\t\t\t\t\t<\/div>\n\t\t<\/div>\n\t\t\t\t\t\t\t\t<\/div>\n\t\t\t\t\t<\/div>\n\t\t<\/section>\n\t\t\t\t<section class=\"elementor-section elementor-top-section elementor-element elementor-element-273e038 base_bg_color elementor-section-stretched elementor-section-boxed elementor-section-height-default elementor-section-height-default\" data-id=\"273e038\" data-element_type=\"section\" data-settings=\"{&quot;background_background&quot;:&quot;classic&quot;,&quot;stretch_section&quot;:&quot;section-stretched&quot;,&quot;_ha_eqh_enable&quot;:false}\">\n\t\t\t\t\t\t<div class=\"elementor-container elementor-column-gap-default\">\n\t\t\t\t\t\t\t<div class=\"elementor-row\">\n\t\t\t\t\t<div class=\"elementor-column elementor-col-100 elementor-top-column elementor-element elementor-element-1c3af950\" data-id=\"1c3af950\" data-element_type=\"column\">\n\t\t\t<div class=\"elementor-column-wrap elementor-element-populated\">\n\t\t\t\t\t\t\t<div class=\"elementor-widget-wrap\">\n\t\t\t\t\t\t<div class=\"elementor-element elementor-element-422cc1a2 elementor-widget elementor-widget-vc_cta\" data-id=\"422cc1a2\" data-element_type=\"widget\" data-widget_type=\"vc_cta.default\">\n\t\t\t\t<div class=\"elementor-widget-container\">\n\t\t\t\n<div class=\"ce_cta ce_cta_4036022f001cc72a599ee9487be0fca6 ce_text_left basae_bg_color add_button_right btn_align_right btn_button_block_ btn_has_icon btn_has_icon_on_the_right\" id=\"\">\n\n    <div class=\"ce_cta__content\">\n        <div class=\"ce_cta__content__header\">\n            <h2  class='ce_cta__content__title '>I\u0161\u010dete prvovrstnega svetovalca?<\/h2>                    <\/div>\n\n        \n    <\/div>\n\n    \n        <div class=\"ce_cta__action\">\n            <a href=\"\/contact\/\"\n                              target=\"_self\"\n               class=\"button \">\n                <span>Pridobite ponudbo<\/span>\n                                    <i class=\"fa fa-chevron-right\"><\/i>\n                            <\/a>\n        <\/div>\n\n    \n<\/div>\n\t\t<\/div>\n\t\t\t\t<\/div>\n\t\t\t\t\t\t<\/div>\n\t\t\t\t\t<\/div>\n\t\t<\/div>\n\t\t\t\t\t\t\t\t<\/div>\n\t\t\t\t\t<\/div>\n\t\t<\/section>\n\t\t\t\t\t\t<\/div>\n\t\t\t\t\t\t<\/div>\n\t\t\t\t\t<\/div>\n\t\t","protected":false},"excerpt":{"rendered":"<p>Na\u0161i po meri razviti SAP dodatki Pozorno raz\u0161irjena SAP standardna funkcionalnost PROCESSI NEURON SAP ERP proizvodni proces smo raz\u0161irili, integrirali in avtomatizirali z novimi funkcionalnostmi. read more Vas zanima kak\u0161na od na\u0161ih re\u0161itev? Uporabite kontaktno formo ali nas preprosto pokli\u010dite. Podali vam bomo vse potrebne informacije in ve\u010d. KONTAKTI Izpostavljene re\u0161itve MyWay inteligentni ERP SAP<\/p>\n","protected":false},"author":1,"featured_media":7715,"parent":7838,"menu_order":9,"comment_status":"closed","ping_status":"closed","template":"","meta":{"_monsterinsights_skip_tracking":false,"_monsterinsights_sitenote_active":false,"_monsterinsights_sitenote_note":"","_monsterinsights_sitenote_category":0,"cybocfi_hide_featured_image":""},"yoast_head":"<!-- This site is optimized with the Yoast SEO plugin v18.4.1 - https:\/\/yoast.com\/wordpress\/plugins\/seo\/ -->\n<title>Raz\u0161irite va\u0161 SAP ERP s prilagojenimi dodatki - PROCESSI<\/title>\n<meta name=\"description\" content=\"PROCESSI re\u0161itve za poslovne izzive na\u0161ega \u010dasa! Uporabite na\u0161e prilagojene dodatke, da raz\u0161irite sposobnosti va\u0161ega SAP ERP sistema.\" \/>\n<meta name=\"robots\" content=\"index, follow, max-snippet:-1, max-image-preview:large, max-video-preview:-1\" \/>\n<link rel=\"canonical\" href=\"https:\/\/processi.eu\/sl\/resitve\/produkti\/\" \/>\n<meta property=\"og:locale\" content=\"sl_SI\" \/>\n<meta property=\"og:type\" content=\"article\" \/>\n<meta property=\"og:title\" content=\"Raz\u0161irite va\u0161 SAP ERP s prilagojenimi dodatki - PROCESSI\" \/>\n<meta property=\"og:description\" content=\"PROCESSI re\u0161itve za poslovne izzive na\u0161ega \u010dasa! Uporabite na\u0161e prilagojene dodatke, da raz\u0161irite sposobnosti va\u0161ega SAP ERP sistema.\" \/>\n<meta property=\"og:url\" content=\"https:\/\/processi.eu\/sl\/resitve\/produkti\/\" \/>\n<meta property=\"og:site_name\" content=\"PROCESSI\" \/>\n<meta property=\"article:publisher\" content=\"https:\/\/www.facebook.com\/pages\/Processi-doo\/1423073847916641\" \/>\n<meta property=\"article:modified_time\" content=\"2021-03-01T10:46:56+00:00\" \/>\n<meta property=\"og:image\" content=\"https:\/\/processi.eu\/wp-content\/uploads\/2020\/10\/cropped-logo_processi_primarni_notext_1000.png\" \/>\n\t<meta property=\"og:image:width\" content=\"512\" \/>\n\t<meta property=\"og:image:height\" content=\"512\" \/>\n\t<meta property=\"og:image:type\" content=\"image\/png\" \/>\n<meta name=\"twitter:card\" content=\"summary_large_image\" \/>\n<meta name=\"twitter:site\" content=\"@processi_si\" \/>\n<meta name=\"twitter:label1\" content=\"Est. reading time\" \/>\n\t<meta name=\"twitter:data1\" content=\"2 minuti\" \/>\n<script type=\"application\/ld+json\" class=\"yoast-schema-graph\">{\"@context\":\"https:\/\/schema.org\",\"@graph\":[{\"@type\":\"Organization\",\"@id\":\"https:\/\/processi.eu\/#organization\",\"name\":\"PROCESSI d.o.o.\",\"url\":\"https:\/\/processi.eu\/\",\"sameAs\":[\"https:\/\/www.facebook.com\/pages\/Processi-doo\/1423073847916641\",\"https:\/\/www.linkedin.com\/company\/processi-d.o.o.\",\"https:\/\/twitter.com\/processi_si\"],\"logo\":{\"@type\":\"ImageObject\",\"@id\":\"https:\/\/processi.eu\/#logo\",\"inLanguage\":\"sl-SI\",\"url\":\"https:\/\/processi.eu\/wp-content\/uploads\/2020\/10\/logo_processi_primarni_255_45.png\",\"contentUrl\":\"https:\/\/processi.eu\/wp-content\/uploads\/2020\/10\/logo_processi_primarni_255_45.png\",\"width\":255,\"height\":45,\"caption\":\"PROCESSI d.o.o.\"},\"image\":{\"@id\":\"https:\/\/processi.eu\/#logo\"}},{\"@type\":\"WebSite\",\"@id\":\"https:\/\/processi.eu\/#website\",\"url\":\"https:\/\/processi.eu\/\",\"name\":\"PROCESSI\",\"description\":\"SAP svetovanje\",\"publisher\":{\"@id\":\"https:\/\/processi.eu\/#organization\"},\"potentialAction\":[{\"@type\":\"SearchAction\",\"target\":{\"@type\":\"EntryPoint\",\"urlTemplate\":\"https:\/\/processi.eu\/?s={search_term_string}\"},\"query-input\":\"required name=search_term_string\"}],\"inLanguage\":\"sl-SI\"},{\"@type\":\"ImageObject\",\"@id\":\"https:\/\/processi.eu\/sl\/resitve\/produkti\/#primaryimage\",\"inLanguage\":\"sl-SI\",\"url\":\"https:\/\/processi.eu\/wp-content\/uploads\/2020\/10\/cropped-logo_processi_primarni_notext_1000.png\",\"contentUrl\":\"https:\/\/processi.eu\/wp-content\/uploads\/2020\/10\/cropped-logo_processi_primarni_notext_1000.png\",\"width\":512,\"height\":512},{\"@type\":\"WebPage\",\"@id\":\"https:\/\/processi.eu\/sl\/resitve\/produkti\/#webpage\",\"url\":\"https:\/\/processi.eu\/sl\/resitve\/produkti\/\",\"name\":\"Raz\u0161irite va\u0161 SAP ERP s prilagojenimi dodatki - PROCESSI\",\"isPartOf\":{\"@id\":\"https:\/\/processi.eu\/#website\"},\"primaryImageOfPage\":{\"@id\":\"https:\/\/processi.eu\/sl\/resitve\/produkti\/#primaryimage\"},\"datePublished\":\"2020-10-19T22:17:32+00:00\",\"dateModified\":\"2021-03-01T10:46:56+00:00\",\"description\":\"PROCESSI re\u0161itve za poslovne izzive na\u0161ega \u010dasa! Uporabite na\u0161e prilagojene dodatke, da raz\u0161irite sposobnosti va\u0161ega SAP ERP sistema.\",\"breadcrumb\":{\"@id\":\"https:\/\/processi.eu\/sl\/resitve\/produkti\/#breadcrumb\"},\"inLanguage\":\"sl-SI\",\"potentialAction\":[{\"@type\":\"ReadAction\",\"target\":[\"https:\/\/processi.eu\/sl\/resitve\/produkti\/\"]}]},{\"@type\":\"BreadcrumbList\",\"@id\":\"https:\/\/processi.eu\/sl\/resitve\/produkti\/#breadcrumb\",\"itemListElement\":[{\"@type\":\"ListItem\",\"position\":1,\"name\":\"Domov\",\"item\":\"https:\/\/processi.eu\/sl\/\"},{\"@type\":\"ListItem\",\"position\":2,\"name\":\"Zasebno: Re\u0161itve\",\"item\":\"https:\/\/processi.eu\/sl\/resitve\/\"},{\"@type\":\"ListItem\",\"position\":3,\"name\":\"Produkti\"}]}]}<\/script>\n<!-- \/ Yoast SEO plugin. -->","yoast_head_json":{"title":"Raz\u0161irite va\u0161 SAP ERP s prilagojenimi dodatki - PROCESSI","description":"PROCESSI re\u0161itve za poslovne izzive na\u0161ega \u010dasa! Uporabite na\u0161e prilagojene dodatke, da raz\u0161irite sposobnosti va\u0161ega SAP ERP sistema.","robots":{"index":"index","follow":"follow","max-snippet":"max-snippet:-1","max-image-preview":"max-image-preview:large","max-video-preview":"max-video-preview:-1"},"canonical":"https:\/\/processi.eu\/sl\/resitve\/produkti\/","og_locale":"sl_SI","og_type":"article","og_title":"Raz\u0161irite va\u0161 SAP ERP s prilagojenimi dodatki - PROCESSI","og_description":"PROCESSI re\u0161itve za poslovne izzive na\u0161ega \u010dasa! Uporabite na\u0161e prilagojene dodatke, da raz\u0161irite sposobnosti va\u0161ega SAP ERP sistema.","og_url":"https:\/\/processi.eu\/sl\/resitve\/produkti\/","og_site_name":"PROCESSI","article_publisher":"https:\/\/www.facebook.com\/pages\/Processi-doo\/1423073847916641","article_modified_time":"2021-03-01T10:46:56+00:00","og_image":[{"width":512,"height":512,"url":"https:\/\/processi.eu\/wp-content\/uploads\/2020\/10\/cropped-logo_processi_primarni_notext_1000.png","type":"image\/png"}],"twitter_card":"summary_large_image","twitter_site":"@processi_si","twitter_misc":{"Est. reading time":"2 minuti"},"schema":{"@context":"https:\/\/schema.org","@graph":[{"@type":"Organization","@id":"https:\/\/processi.eu\/#organization","name":"PROCESSI d.o.o.","url":"https:\/\/processi.eu\/","sameAs":["https:\/\/www.facebook.com\/pages\/Processi-doo\/1423073847916641","https:\/\/www.linkedin.com\/company\/processi-d.o.o.","https:\/\/twitter.com\/processi_si"],"logo":{"@type":"ImageObject","@id":"https:\/\/processi.eu\/#logo","inLanguage":"sl-SI","url":"https:\/\/processi.eu\/wp-content\/uploads\/2020\/10\/logo_processi_primarni_255_45.png","contentUrl":"https:\/\/processi.eu\/wp-content\/uploads\/2020\/10\/logo_processi_primarni_255_45.png","width":255,"height":45,"caption":"PROCESSI d.o.o."},"image":{"@id":"https:\/\/processi.eu\/#logo"}},{"@type":"WebSite","@id":"https:\/\/processi.eu\/#website","url":"https:\/\/processi.eu\/","name":"PROCESSI","description":"SAP svetovanje","publisher":{"@id":"https:\/\/processi.eu\/#organization"},"potentialAction":[{"@type":"SearchAction","target":{"@type":"EntryPoint","urlTemplate":"https:\/\/processi.eu\/?s={search_term_string}"},"query-input":"required name=search_term_string"}],"inLanguage":"sl-SI"},{"@type":"ImageObject","@id":"https:\/\/processi.eu\/sl\/resitve\/produkti\/#primaryimage","inLanguage":"sl-SI","url":"https:\/\/processi.eu\/wp-content\/uploads\/2020\/10\/cropped-logo_processi_primarni_notext_1000.png","contentUrl":"https:\/\/processi.eu\/wp-content\/uploads\/2020\/10\/cropped-logo_processi_primarni_notext_1000.png","width":512,"height":512},{"@type":"WebPage","@id":"https:\/\/processi.eu\/sl\/resitve\/produkti\/#webpage","url":"https:\/\/processi.eu\/sl\/resitve\/produkti\/","name":"Raz\u0161irite va\u0161 SAP ERP s prilagojenimi dodatki - PROCESSI","isPartOf":{"@id":"https:\/\/processi.eu\/#website"},"primaryImageOfPage":{"@id":"https:\/\/processi.eu\/sl\/resitve\/produkti\/#primaryimage"},"datePublished":"2020-10-19T22:17:32+00:00","dateModified":"2021-03-01T10:46:56+00:00","description":"PROCESSI re\u0161itve za poslovne izzive na\u0161ega \u010dasa! Uporabite na\u0161e prilagojene dodatke, da raz\u0161irite sposobnosti va\u0161ega SAP ERP sistema.","breadcrumb":{"@id":"https:\/\/processi.eu\/sl\/resitve\/produkti\/#breadcrumb"},"inLanguage":"sl-SI","potentialAction":[{"@type":"ReadAction","target":["https:\/\/processi.eu\/sl\/resitve\/produkti\/"]}]},{"@type":"BreadcrumbList","@id":"https:\/\/processi.eu\/sl\/resitve\/produkti\/#breadcrumb","itemListElement":[{"@type":"ListItem","position":1,"name":"Domov","item":"https:\/\/processi.eu\/sl\/"},{"@type":"ListItem","position":2,"name":"Zasebno: Re\u0161itve","item":"https:\/\/processi.eu\/sl\/resitve\/"},{"@type":"ListItem","position":3,"name":"Produkti"}]}]}},"_links":{"self":[{"href":"https:\/\/processi.eu\/sl\/wp-json\/wp\/v2\/pages\/7852"}],"collection":[{"href":"https:\/\/processi.eu\/sl\/wp-json\/wp\/v2\/pages"}],"about":[{"href":"https:\/\/processi.eu\/sl\/wp-json\/wp\/v2\/types\/page"}],"author":[{"embeddable":true,"href":"https:\/\/processi.eu\/sl\/wp-json\/wp\/v2\/users\/1"}],"replies":[{"embeddable":true,"href":"https:\/\/processi.eu\/sl\/wp-json\/wp\/v2\/comments?post=7852"}],"version-history":[{"count":20,"href":"https:\/\/processi.eu\/sl\/wp-json\/wp\/v2\/pages\/7852\/revisions"}],"predecessor-version":[{"id":10588,"href":"https:\/\/processi.eu\/sl\/wp-json\/wp\/v2\/pages\/7852\/revisions\/10588"}],"up":[{"embeddable":true,"href":"https:\/\/processi.eu\/sl\/wp-json\/wp\/v2\/pages\/7838"}],"wp:featuredmedia":[{"embeddable":true,"href":"https:\/\/processi.eu\/sl\/wp-json\/wp\/v2\/media\/7715"}],"wp:attachment":[{"href":"https:\/\/processi.eu\/sl\/wp-json\/wp\/v2\/media?parent=7852"}],"curies":[{"name":"wp","href":"https:\/\/api.w.org\/{rel}","templated":true}]}}