{"id":10684,"date":"2021-01-17T21:55:05","date_gmt":"2021-01-17T20:55:05","guid":{"rendered":"https:\/\/processi.eu\/politika-zasebnosti\/"},"modified":"2021-04-15T12:01:22","modified_gmt":"2021-04-15T10:01:22","slug":"politika-zasebnosti","status":"publish","type":"page","link":"https:\/\/processi.eu\/sl\/politika-zasebnosti\/","title":{"rendered":"Politika zasebnosti"},"content":{"rendered":"\t\t<div data-elementor-type=\"wp-page\" data-elementor-id=\"10684\" class=\"elementor elementor-10684 elementor-9638\" data-elementor-settings=\"[]\">\n\t\t\t\t\t\t<div class=\"elementor-inner\">\n\t\t\t\t\t\t\t<div class=\"elementor-section-wrap\">\n\t\t\t\t\t\t\t<section class=\"elementor-section elementor-top-section elementor-element elementor-element-16c1e1f elementor-section-boxed elementor-section-height-default elementor-section-height-default\" data-id=\"16c1e1f\" data-element_type=\"section\" data-settings=\"{&quot;_ha_eqh_enable&quot;:false}\">\n\t\t\t\t\t\t<div class=\"elementor-container elementor-column-gap-default\">\n\t\t\t\t\t\t\t<div class=\"elementor-row\">\n\t\t\t\t\t<div class=\"elementor-column elementor-col-100 elementor-top-column elementor-element elementor-element-26dac29\" data-id=\"26dac29\" data-element_type=\"column\">\n\t\t\t<div class=\"elementor-column-wrap elementor-element-populated\">\n\t\t\t\t\t\t\t<div class=\"elementor-widget-wrap\">\n\t\t\t\t\t\t<div class=\"elementor-element elementor-element-8c0c377 elementor-widget elementor-widget-text-editor\" data-id=\"8c0c377\" data-element_type=\"widget\" data-widget_type=\"text-editor.default\">\n\t\t\t\t<div class=\"elementor-widget-container\">\n\t\t\t\t\t<div class=\"elementor-text-editor elementor-clearfix\"><p>Administracija spletne strani <a href=\"https:\/\/processi.eu\/sl\/\" target=\"_blank\" rel=\"noopener\">processi.eu<\/a> je zavezana k vzdr\u017eevanju va\u0161e zasebnosti na internetu. Podatkom, ki jih pridobivamo od vas namenjamo veliko pozornosti. Na\u0161a politika zasebnosti temelji na <a href=\"https:\/\/ec.europa.eu\/info\/law\/law-topic\/data-protection_en\" target=\"_blank\" rel=\"noopener\">Splo\u0161ni uredbi EU o varstvu podatkov (GDPR)<\/a> ter zakonu ZVOP-2. Nameni za katere zbiramo va\u0161e osebne podatke, so: izbolj\u0161ava na\u0161ih storitev, komuniciranje z obiskovalci te spletne strani, izvajanje storitev, vezanih na usmeritev na\u0161e spletne strani ter druge namene, navedene spodaj,<\/p>\n<h5>Hramba in obdelava osebnih podatkov<\/h5>\n<p>Va\u0161e podatke zbiramo in obdelujemo samo z va\u0161im dovoljenjem. Z va\u0161im dovoljenjem lahko zbiramo in obdelujemo naslednje podatke: va\u0161e ime in priimek, e-po\u0161tni naslov in podjetje. Zbiranje in obdelava va\u0161ih osebnih podatkov se izvaja v skladu z zakoni Evropske Unije ter Republike Slovenije.<\/p>\n<h5>Hramba, urejanje in odstranitev podatkov<\/h5>\n<p>Uporabnik, ki je spletni strani processi.eu posredoval svoje osebne podatke, ima pravico do urejanja in odstranitve teh podatkov. Prav tako ima pravico do umika dovoljenja za obdelavo osebnih podatkov. \u010casovni okvir v katerem se va\u0161i podatki lahko hranijo, je: \u010das, ki je potreben za izvedbo glavne aktivnosti spletne strani. Ko zaklju\u010dimo z obdelavo va\u0161ih osebnih podatkov, jih bo administracija spletne strani nepreklicno izbirsala. Za dostop do va\u0161ih osebnih podatkov lahko kontaktirate administracijo spletne strani na naslovu: <a href=\"mailto:info@processi.eu\">info@processi.eu<\/a>. Va\u0161ih podatkov brez va\u0161ega dovoljenja ne bomo posredovali zunanjim partnerjem. \u010ce so bili va\u0161i podatki posredovani zunanjim partnerjem, ki niso direktno povezani z na\u0161o organizacijo, spremembe teh podatkov morda ne bodo mogo\u010de.<\/p>\n<h5>Obdelava tehni\u010dnih podatkov o obiskih strani<\/h5>\n<p>Podatki o va\u0161em IP naslovu, \u010dasu obiska, nastavitvah spletnega brskalnika ter operacijskega sistema se shranijo v podatkovno bazo, ko obi\u0161\u010dete spletno stran processi.eu. Tak\u0161ni podatki so pomembni za pravilen prikaz vsebine na spletni strani. Identifikacija osebe z uporabo teh podatkov ni mogo\u010da.<\/p>\n<h5>Osebni podatki mladoletnikov<\/h5>\n<p>\u010ce ste star\u0161 oz. zakoniti skrbnik mladoletnika, ki nam je posredoval svoje osebne podatke brez va\u0161ega strinjanja, prosimo, da nas kontaktirate na naslov: <a href=\"mailto:info@processi.eu\" target=\"_blank\" rel=\"noopener\">info@processi.eu<\/a>. Prepovedan je vnos osebnih podatkov mladoletnikov brez strinjanja njihovih star\u0161ev oz. zakonitih skrbnikov.<\/p>\n<h5>Procesiranje pi\u0161kotkov<\/h5>\n<p>Pi\u0161kotke uporabljamo za pravilen prikaz vsebine na spletni strani in priro\u010dnost pri sami uporabi strani. Pi\u0161kotki so majhne datoteke, ki se shranijo na va\u0161i napravi. Spletnim stranem omogo\u010dajo, da si zapomnijo dolo\u010dene podatke o vas, kot npr. jezik v katerem pregledujete spletno stran in seznam strani, ki ste jih \u017ee odprli. Te podatki so uporabni pri va\u0161em naslednjem obisku. S pomo\u010djo pi\u0161kotkov brskanje po spletnih straneh postane veliko bolj priro\u010dno. Ve\u010d o pi\u0161kotkih si lahko preberete <a href=\"https:\/\/en.wikipedia.org\/wiki\/HTTP_cookie\" target=\"_blank\" rel=\"noopener\">tukaj<\/a>. Sprejemanje ter blokiranje pi\u0161kotkov lahko uredite direktno v va\u0161em spletnem brskalniku. Nezmo\u017enost sprejemanja pi\u0161kotkov lahko okrni funkcionalnost spletne strani.<\/p>\n<h5>Obdelava osebnih podatkov v drugih storitvah<\/h5>\n<p>Na\u0161a spletna stran uporablja zunanje storitve, ki neodvisno zbirajo va\u0161e podatke. Ena od tak\u0161nih storitev je Google Analytics.<\/p>\n<p>Podatki, zbrani v tak\u0161nih storitvah so lahko na voljo drugim storitvam istih lastnikov. Zbrane podatke lahko uporabijo za prilagoditev oglasov, ki vam jih prikazujejo v okviru njihovih ogla\u0161evalskih storitev. Ve\u010d o uporabni\u0161kih pogodbah teh organizacij lahko izveste na njihovih spletnih straneh. Prav tako lahko tak\u0161nim storitvam zavrnete zbiranje podatkov o vas. Npr., dodatek za brskalnik Google Analytics Opt-out, ki blokira zbiranje podatkov storitvi Google Analytics, lahko najdete <a href=\"https:\/\/tools.google.com\/dlpage\/gaoptout?hl=en\" target=\"_blank\" rel=\"noopener\">tukaj<\/a>. Va\u0161ih osebnih podatkov ne posredujemo nobenim drugim organizacijam, kot tistim, ki so na\u0161tete v tej politiki zasebnosti. Izjemoma se lahko zbrani podatki posredujejo na podlagi zakonitega zahtevka s strani dr\u017eavnih entitet, ki imajo dovoljenje za poizvedbo po tak\u0161nih informacijah.<\/p>\n<h5>Povezave na druge spletne strani<\/h5>\n<p>Na\u0161a spletna stran processi.eu lahko vsebuje povezave na druge spletne strani, ki niso pod na\u0161im nadzorom. Za vsebino tak\u0161nih spletnih strani ne odgovarjamo. Priporo\u010damo, da se spoznate s politiko zasebnosti vsake spletne strani, predvsem ki jo redno obiskujete, \u010de je tak\u0161en dokument na voljo.<\/p>\n<h5>Spremembe politike zasebnosti<\/h5>\n<p>V\u010dasih lahko spremenimo na\u0161o varnostno politiko. O spremembah politike zasebnosti na tej spletni strani vas bomo obvestili. Rredno sledimo zakonodajnim spremembam, ki se ti\u010dejo osebnih podatkov v Evropski Uniji ter Republiki Sloveniji. \u010ce ste na na\u0161o spletno stran vnesli va\u0161e osebne podatke, vas bomo o spremembah na\u0161e politike zasebnosti obvestili. \u010ce va\u0161i osebni podatki oz. bolj specifi\u010dno, va\u0161i kontaktni podatki niso bili vne\u0161eni pravilno, vas ne bomo mogli kontaktirati.<\/p>\n<h5>Povratne informacije in zaklju\u010dni \u010dleni<\/h5>\n<p>Vsa vpra\u0161anja, ki se ti\u010dejo na\u0161e politike zasebnosti, lahko naslovite na: <a href=\"mailto:info@processi.eu\">info@processi.eu<\/a> oz. izpolnite kontaktni obrazec, ki je na voljo na na\u0161i spletni strani. \u010ce se z na\u0161o politiko zasebnosti ne strinjate, ne smete uporabljati storitev spletne strani processi.eu. V tem primeru se izogibajte obiskovanju na\u0161e spletne strani.<\/p>\n<\/div>\n\t\t\t\t<\/div>\n\t\t\t\t<\/div>\n\t\t\t\t<div class=\"elementor-element elementor-element-2f785db elementor-widget elementor-widget-wp-widget-stm_gdpr_widget\" data-id=\"2f785db\" data-element_type=\"widget\" data-widget_type=\"wp-widget-stm_gdpr_widget.default\">\n\t\t\t\t<div class=\"elementor-widget-container\">\n\t\t\t\t\t\t<form action=\"https:\/\/processi.eu\/wp-admin\/admin-ajax.php\" method=\"post\" id=\"stm-gpdr-form\">\n\n\t\t    \t\t\t\t<h2 class=\"widget-title\">\n\t\t\t\t\tIzvoz ali izbris va\u0161ih osebnih podatkov\t\t\t\t<\/h2>\n\t\t     \n\t\t    \t\t\t\t<div class=\"stm-gdpr-description\">\n\t\t\t\t\t<p>\u010ce \u017eelite izvoziti ali izbrisati osebne podatke, ki jih hranimo o vas, lahko uporabite spodnji obrazec.<\/p> \t\t\t\t<\/div>\n\t\t    \n\t\t\t\t<p>\n\t\t\t\t\t<label for=\"stm_gpdr\">E-po\u0161tni naslov (*)<\/label>\n\t\t\t\t\t<input type=\"email\" id=\"stm_gpdr_data_email\" name=\"stm_gpdr_data_email\" required\/>\n\t\t\t\t<\/p>\n\n\t\t\t\t<p>\n\t\t\t\t\t<input id=\"stm_gpdr_type_export\" type=\"radio\" name=\"stm_gpdr_data_type\" value=\"export_personal_data\" checked=\"checked\" required\/> \n\t\t\t\t\t<label for=\"stm_gpdr_type_export\">Izvozite osebne podatke<\/label>\n\t\t\t\t\t<br \/>\n\t\t\t\t\t<input id=\"stm_gpdr_type_remove\" type=\"radio\" name=\"stm_gpdr_data_type\" value=\"remove_personal_data\" required \/> \n\t\t\t\t\t<label for=\"stm_gpdr_type_remove\">Izbri\u0161ite osebne podatke<\/label>\n\t\t\t\t<\/p>\n\n\t\t\t\t<p>\n\t\t\t\t\t<input type=\"submit\" value=\"Po\u0161lji zahtevek\" \/>\n\t\t\t\t<\/p>\n\t\t\t<\/form>\n\t\t\t\t<\/div>\n\t\t\t\t<\/div>\n\t\t\t\t\t\t<\/div>\n\t\t\t\t\t<\/div>\n\t\t<\/div>\n\t\t\t\t\t\t\t\t<\/div>\n\t\t\t\t\t<\/div>\n\t\t<\/section>\n\t\t\t\t\t\t<\/div>\n\t\t\t\t\t\t<\/div>\n\t\t\t\t\t<\/div>\n\t\t","protected":false},"excerpt":{"rendered":"<p>Administracija spletne strani processi.eu je zavezana k vzdr\u017eevanju va\u0161e zasebnosti na internetu. Podatkom, ki jih pridobivamo od vas namenjamo veliko pozornosti. Na\u0161a politika zasebnosti temelji na Splo\u0161ni uredbi EU o varstvu podatkov (GDPR) ter zakonu ZVOP-2. Nameni za katere zbiramo va\u0161e osebne podatke, so: izbolj\u0161ava na\u0161ih storitev, komuniciranje z obiskovalci te spletne strani, izvajanje storitev,<\/p>\n","protected":false},"author":1,"featured_media":7715,"parent":0,"menu_order":0,"comment_status":"closed","ping_status":"closed","template":"","meta":{"_monsterinsights_skip_tracking":false,"_monsterinsights_sitenote_active":false,"_monsterinsights_sitenote_note":"","_monsterinsights_sitenote_category":0,"cybocfi_hide_featured_image":""},"yoast_head":"<!-- This site is optimized with the Yoast SEO plugin v18.4.1 - https:\/\/yoast.com\/wordpress\/plugins\/seo\/ -->\n<title>Politika zasebnosti - Varujemo va\u0161e podatke - PROCESSI<\/title>\n<meta name=\"description\" content=\"Podatkom, ki jih pridobivamo od vas namenjamo veliko pozornosti. Na\u0161a politika zasebnosti temelji na EU-jevi direktivi GDPR in zakonu ZVOP-2.\" \/>\n<meta name=\"robots\" content=\"index, follow, max-snippet:-1, max-image-preview:large, max-video-preview:-1\" \/>\n<link rel=\"canonical\" href=\"https:\/\/processi.eu\/sl\/politika-zasebnosti\/\" \/>\n<meta property=\"og:locale\" content=\"sl_SI\" \/>\n<meta property=\"og:type\" content=\"article\" \/>\n<meta property=\"og:title\" content=\"Politika zasebnosti - Varujemo va\u0161e podatke - PROCESSI\" \/>\n<meta property=\"og:description\" content=\"Podatkom, ki jih pridobivamo od vas namenjamo veliko pozornosti. Na\u0161a politika zasebnosti temelji na EU-jevi direktivi GDPR in zakonu ZVOP-2.\" \/>\n<meta property=\"og:url\" content=\"https:\/\/processi.eu\/sl\/politika-zasebnosti\/\" \/>\n<meta property=\"og:site_name\" content=\"PROCESSI\" \/>\n<meta property=\"article:publisher\" content=\"https:\/\/www.facebook.com\/pages\/Processi-doo\/1423073847916641\" \/>\n<meta property=\"article:modified_time\" content=\"2021-04-15T10:01:22+00:00\" \/>\n<meta property=\"og:image\" content=\"https:\/\/processi.eu\/wp-content\/uploads\/2020\/10\/cropped-logo_processi_primarni_notext_1000.png\" \/>\n\t<meta property=\"og:image:width\" content=\"512\" \/>\n\t<meta property=\"og:image:height\" content=\"512\" \/>\n\t<meta property=\"og:image:type\" content=\"image\/png\" \/>\n<meta name=\"twitter:card\" content=\"summary_large_image\" \/>\n<meta name=\"twitter:site\" content=\"@processi_si\" \/>\n<meta name=\"twitter:label1\" content=\"Est. reading time\" \/>\n\t<meta name=\"twitter:data1\" content=\"4 minute\" \/>\n<script type=\"application\/ld+json\" class=\"yoast-schema-graph\">{\"@context\":\"https:\/\/schema.org\",\"@graph\":[{\"@type\":\"Organization\",\"@id\":\"https:\/\/processi.eu\/#organization\",\"name\":\"PROCESSI d.o.o.\",\"url\":\"https:\/\/processi.eu\/\",\"sameAs\":[\"https:\/\/www.facebook.com\/pages\/Processi-doo\/1423073847916641\",\"https:\/\/www.linkedin.com\/company\/processi-d.o.o.\",\"https:\/\/twitter.com\/processi_si\"],\"logo\":{\"@type\":\"ImageObject\",\"@id\":\"https:\/\/processi.eu\/#logo\",\"inLanguage\":\"sl-SI\",\"url\":\"https:\/\/processi.eu\/wp-content\/uploads\/2020\/10\/logo_processi_primarni_255_45.png\",\"contentUrl\":\"https:\/\/processi.eu\/wp-content\/uploads\/2020\/10\/logo_processi_primarni_255_45.png\",\"width\":255,\"height\":45,\"caption\":\"PROCESSI d.o.o.\"},\"image\":{\"@id\":\"https:\/\/processi.eu\/#logo\"}},{\"@type\":\"WebSite\",\"@id\":\"https:\/\/processi.eu\/#website\",\"url\":\"https:\/\/processi.eu\/\",\"name\":\"PROCESSI\",\"description\":\"SAP svetovanje\",\"publisher\":{\"@id\":\"https:\/\/processi.eu\/#organization\"},\"potentialAction\":[{\"@type\":\"SearchAction\",\"target\":{\"@type\":\"EntryPoint\",\"urlTemplate\":\"https:\/\/processi.eu\/?s={search_term_string}\"},\"query-input\":\"required name=search_term_string\"}],\"inLanguage\":\"sl-SI\"},{\"@type\":\"ImageObject\",\"@id\":\"https:\/\/processi.eu\/sl\/politika-zasebnosti\/#primaryimage\",\"inLanguage\":\"sl-SI\",\"url\":\"https:\/\/processi.eu\/wp-content\/uploads\/2020\/10\/cropped-logo_processi_primarni_notext_1000.png\",\"contentUrl\":\"https:\/\/processi.eu\/wp-content\/uploads\/2020\/10\/cropped-logo_processi_primarni_notext_1000.png\",\"width\":512,\"height\":512},{\"@type\":\"WebPage\",\"@id\":\"https:\/\/processi.eu\/sl\/politika-zasebnosti\/#webpage\",\"url\":\"https:\/\/processi.eu\/sl\/politika-zasebnosti\/\",\"name\":\"Politika zasebnosti - Varujemo va\u0161e podatke - PROCESSI\",\"isPartOf\":{\"@id\":\"https:\/\/processi.eu\/#website\"},\"primaryImageOfPage\":{\"@id\":\"https:\/\/processi.eu\/sl\/politika-zasebnosti\/#primaryimage\"},\"datePublished\":\"2021-01-17T20:55:05+00:00\",\"dateModified\":\"2021-04-15T10:01:22+00:00\",\"description\":\"Podatkom, ki jih pridobivamo od vas namenjamo veliko pozornosti. Na\u0161a politika zasebnosti temelji na EU-jevi direktivi GDPR in zakonu ZVOP-2.\",\"breadcrumb\":{\"@id\":\"https:\/\/processi.eu\/sl\/politika-zasebnosti\/#breadcrumb\"},\"inLanguage\":\"sl-SI\",\"potentialAction\":[{\"@type\":\"ReadAction\",\"target\":[\"https:\/\/processi.eu\/sl\/politika-zasebnosti\/\"]}]},{\"@type\":\"BreadcrumbList\",\"@id\":\"https:\/\/processi.eu\/sl\/politika-zasebnosti\/#breadcrumb\",\"itemListElement\":[{\"@type\":\"ListItem\",\"position\":1,\"name\":\"Domov\",\"item\":\"https:\/\/processi.eu\/sl\/\"},{\"@type\":\"ListItem\",\"position\":2,\"name\":\"Politika zasebnosti\"}]}]}<\/script>\n<!-- \/ Yoast SEO plugin. -->","yoast_head_json":{"title":"Politika zasebnosti - Varujemo va\u0161e podatke - PROCESSI","description":"Podatkom, ki jih pridobivamo od vas namenjamo veliko pozornosti. Na\u0161a politika zasebnosti temelji na EU-jevi direktivi GDPR in zakonu ZVOP-2.","robots":{"index":"index","follow":"follow","max-snippet":"max-snippet:-1","max-image-preview":"max-image-preview:large","max-video-preview":"max-video-preview:-1"},"canonical":"https:\/\/processi.eu\/sl\/politika-zasebnosti\/","og_locale":"sl_SI","og_type":"article","og_title":"Politika zasebnosti - Varujemo va\u0161e podatke - PROCESSI","og_description":"Podatkom, ki jih pridobivamo od vas namenjamo veliko pozornosti. Na\u0161a politika zasebnosti temelji na EU-jevi direktivi GDPR in zakonu ZVOP-2.","og_url":"https:\/\/processi.eu\/sl\/politika-zasebnosti\/","og_site_name":"PROCESSI","article_publisher":"https:\/\/www.facebook.com\/pages\/Processi-doo\/1423073847916641","article_modified_time":"2021-04-15T10:01:22+00:00","og_image":[{"width":512,"height":512,"url":"https:\/\/processi.eu\/wp-content\/uploads\/2020\/10\/cropped-logo_processi_primarni_notext_1000.png","type":"image\/png"}],"twitter_card":"summary_large_image","twitter_site":"@processi_si","twitter_misc":{"Est. reading time":"4 minute"},"schema":{"@context":"https:\/\/schema.org","@graph":[{"@type":"Organization","@id":"https:\/\/processi.eu\/#organization","name":"PROCESSI d.o.o.","url":"https:\/\/processi.eu\/","sameAs":["https:\/\/www.facebook.com\/pages\/Processi-doo\/1423073847916641","https:\/\/www.linkedin.com\/company\/processi-d.o.o.","https:\/\/twitter.com\/processi_si"],"logo":{"@type":"ImageObject","@id":"https:\/\/processi.eu\/#logo","inLanguage":"sl-SI","url":"https:\/\/processi.eu\/wp-content\/uploads\/2020\/10\/logo_processi_primarni_255_45.png","contentUrl":"https:\/\/processi.eu\/wp-content\/uploads\/2020\/10\/logo_processi_primarni_255_45.png","width":255,"height":45,"caption":"PROCESSI d.o.o."},"image":{"@id":"https:\/\/processi.eu\/#logo"}},{"@type":"WebSite","@id":"https:\/\/processi.eu\/#website","url":"https:\/\/processi.eu\/","name":"PROCESSI","description":"SAP svetovanje","publisher":{"@id":"https:\/\/processi.eu\/#organization"},"potentialAction":[{"@type":"SearchAction","target":{"@type":"EntryPoint","urlTemplate":"https:\/\/processi.eu\/?s={search_term_string}"},"query-input":"required name=search_term_string"}],"inLanguage":"sl-SI"},{"@type":"ImageObject","@id":"https:\/\/processi.eu\/sl\/politika-zasebnosti\/#primaryimage","inLanguage":"sl-SI","url":"https:\/\/processi.eu\/wp-content\/uploads\/2020\/10\/cropped-logo_processi_primarni_notext_1000.png","contentUrl":"https:\/\/processi.eu\/wp-content\/uploads\/2020\/10\/cropped-logo_processi_primarni_notext_1000.png","width":512,"height":512},{"@type":"WebPage","@id":"https:\/\/processi.eu\/sl\/politika-zasebnosti\/#webpage","url":"https:\/\/processi.eu\/sl\/politika-zasebnosti\/","name":"Politika zasebnosti - Varujemo va\u0161e podatke - PROCESSI","isPartOf":{"@id":"https:\/\/processi.eu\/#website"},"primaryImageOfPage":{"@id":"https:\/\/processi.eu\/sl\/politika-zasebnosti\/#primaryimage"},"datePublished":"2021-01-17T20:55:05+00:00","dateModified":"2021-04-15T10:01:22+00:00","description":"Podatkom, ki jih pridobivamo od vas namenjamo veliko pozornosti. Na\u0161a politika zasebnosti temelji na EU-jevi direktivi GDPR in zakonu ZVOP-2.","breadcrumb":{"@id":"https:\/\/processi.eu\/sl\/politika-zasebnosti\/#breadcrumb"},"inLanguage":"sl-SI","potentialAction":[{"@type":"ReadAction","target":["https:\/\/processi.eu\/sl\/politika-zasebnosti\/"]}]},{"@type":"BreadcrumbList","@id":"https:\/\/processi.eu\/sl\/politika-zasebnosti\/#breadcrumb","itemListElement":[{"@type":"ListItem","position":1,"name":"Domov","item":"https:\/\/processi.eu\/sl\/"},{"@type":"ListItem","position":2,"name":"Politika zasebnosti"}]}]}},"_links":{"self":[{"href":"https:\/\/processi.eu\/sl\/wp-json\/wp\/v2\/pages\/10684"}],"collection":[{"href":"https:\/\/processi.eu\/sl\/wp-json\/wp\/v2\/pages"}],"about":[{"href":"https:\/\/processi.eu\/sl\/wp-json\/wp\/v2\/types\/page"}],"author":[{"embeddable":true,"href":"https:\/\/processi.eu\/sl\/wp-json\/wp\/v2\/users\/1"}],"replies":[{"embeddable":true,"href":"https:\/\/processi.eu\/sl\/wp-json\/wp\/v2\/comments?post=10684"}],"version-history":[{"count":13,"href":"https:\/\/processi.eu\/sl\/wp-json\/wp\/v2\/pages\/10684\/revisions"}],"predecessor-version":[{"id":10721,"href":"https:\/\/processi.eu\/sl\/wp-json\/wp\/v2\/pages\/10684\/revisions\/10721"}],"wp:featuredmedia":[{"embeddable":true,"href":"https:\/\/processi.eu\/sl\/wp-json\/wp\/v2\/media\/7715"}],"wp:attachment":[{"href":"https:\/\/processi.eu\/sl\/wp-json\/wp\/v2\/media?parent=10684"}],"curies":[{"name":"wp","href":"https:\/\/api.w.org\/{rel}","templated":true}]}}